{"id":557,"date":"2025-10-28T19:17:35","date_gmt":"2025-10-28T18:17:35","guid":{"rendered":"https:\/\/maloseracarballo.com\/?post_type=product&#038;p=557"},"modified":"2025-12-06T14:23:44","modified_gmt":"2025-12-06T13:23:44","slug":"tequenos-caseros","status":"publish","type":"product","link":"https:\/\/maloseracarballo.com\/en\/product\/tequenos-caseros\/","title":{"rendered":"Teque\u00f1os caseros"},"content":{"rendered":"<p>.Raci\u00f3n de 6 teque\u00f1os caseros de queso gouda acompa\u00f1ados con una salsa a elegir.<\/p>","protected":false},"excerpt":{"rendered":"<p>6 teque\u00f1os caseros de queso gouda con salsa a elegir<\/p>","protected":false},"featured_media":876,"template":"","meta":[],"product_brand":[],"product_cat":[32],"product_tag":[],"class_list":{"0":"post-557","1":"product","2":"type-product","3":"status-publish","4":"has-post-thumbnail","6":"product_cat-picoteo","8":"first","9":"instock","10":"taxable","11":"shipping-taxable","12":"purchasable","13":"product-type-simple"},"_links":{"self":[{"href":"https:\/\/maloseracarballo.com\/en\/wp-json\/wp\/v2\/product\/557","targetHints":{"allow":["GET"]}}],"collection":[{"href":"https:\/\/maloseracarballo.com\/en\/wp-json\/wp\/v2\/product"}],"about":[{"href":"https:\/\/maloseracarballo.com\/en\/wp-json\/wp\/v2\/types\/product"}],"version-history":[{"count":4,"href":"https:\/\/maloseracarballo.com\/en\/wp-json\/wp\/v2\/product\/557\/revisions"}],"predecessor-version":[{"id":1641,"href":"https:\/\/maloseracarballo.com\/en\/wp-json\/wp\/v2\/product\/557\/revisions\/1641"}],"wp:featuredmedia":[{"embeddable":true,"href":"https:\/\/maloseracarballo.com\/en\/wp-json\/wp\/v2\/media\/876"}],"wp:attachment":[{"href":"https:\/\/maloseracarballo.com\/en\/wp-json\/wp\/v2\/media?parent=557"}],"wp:term":[{"taxonomy":"product_brand","embeddable":true,"href":"https:\/\/maloseracarballo.com\/en\/wp-json\/wp\/v2\/product_brand?post=557"},{"taxonomy":"product_cat","embeddable":true,"href":"https:\/\/maloseracarballo.com\/en\/wp-json\/wp\/v2\/product_cat?post=557"},{"taxonomy":"product_tag","embeddable":true,"href":"https:\/\/maloseracarballo.com\/en\/wp-json\/wp\/v2\/product_tag?post=557"}],"curies":[{"name":"wp","href":"https:\/\/api.w.org\/{rel}","templated":true}]}}