{"id":548,"date":"2025-10-28T19:02:40","date_gmt":"2025-10-28T18:02:40","guid":{"rendered":"https:\/\/maloseracarballo.com\/?post_type=product&#038;p=548"},"modified":"2025-12-06T14:31:33","modified_gmt":"2025-12-06T13:31:33","slug":"triangulos-de-queso-cheddar","status":"publish","type":"product","link":"https:\/\/maloseracarballo.com\/en\/product\/triangulos-de-queso-cheddar\/","title":{"rendered":"Tri\u00e1ngulos de queso Cheddar"},"content":{"rendered":"<p>Raci\u00f3n de 6 tri\u00e1ngulos de queso cheddar\u00a0 crujientes rebozados en doritos acompa\u00f1ados con guacamole casero.<\/p>","protected":false},"excerpt":{"rendered":"<p>6 tri\u00e1ngulos de queso cheddar rebozados en doritos con guacamole.<\/p>","protected":false},"featured_media":1502,"template":"","meta":[],"product_brand":[],"product_cat":[32],"product_tag":[],"class_list":{"0":"post-548","1":"product","2":"type-product","3":"status-publish","4":"has-post-thumbnail","6":"product_cat-picoteo","8":"first","9":"instock","10":"taxable","11":"shipping-taxable","12":"purchasable","13":"product-type-simple"},"_links":{"self":[{"href":"https:\/\/maloseracarballo.com\/en\/wp-json\/wp\/v2\/product\/548","targetHints":{"allow":["GET"]}}],"collection":[{"href":"https:\/\/maloseracarballo.com\/en\/wp-json\/wp\/v2\/product"}],"about":[{"href":"https:\/\/maloseracarballo.com\/en\/wp-json\/wp\/v2\/types\/product"}],"version-history":[{"count":4,"href":"https:\/\/maloseracarballo.com\/en\/wp-json\/wp\/v2\/product\/548\/revisions"}],"predecessor-version":[{"id":1646,"href":"https:\/\/maloseracarballo.com\/en\/wp-json\/wp\/v2\/product\/548\/revisions\/1646"}],"wp:featuredmedia":[{"embeddable":true,"href":"https:\/\/maloseracarballo.com\/en\/wp-json\/wp\/v2\/media\/1502"}],"wp:attachment":[{"href":"https:\/\/maloseracarballo.com\/en\/wp-json\/wp\/v2\/media?parent=548"}],"wp:term":[{"taxonomy":"product_brand","embeddable":true,"href":"https:\/\/maloseracarballo.com\/en\/wp-json\/wp\/v2\/product_brand?post=548"},{"taxonomy":"product_cat","embeddable":true,"href":"https:\/\/maloseracarballo.com\/en\/wp-json\/wp\/v2\/product_cat?post=548"},{"taxonomy":"product_tag","embeddable":true,"href":"https:\/\/maloseracarballo.com\/en\/wp-json\/wp\/v2\/product_tag?post=548"}],"curies":[{"name":"wp","href":"https:\/\/api.w.org\/{rel}","templated":true}]}}