{"id":534,"date":"2025-10-28T18:43:11","date_gmt":"2025-10-28T17:43:11","guid":{"rendered":"https:\/\/maloseracarballo.com\/?post_type=product&#038;p=534"},"modified":"2025-12-06T14:08:42","modified_gmt":"2025-12-06T13:08:42","slug":"patatas-malosera","status":"publish","type":"product","link":"https:\/\/maloseracarballo.com\/en\/product\/patatas-malosera\/","title":{"rendered":"Patatas Maloser\u00e1"},"content":{"rendered":"<p>Raci\u00f3n de patatas fritas con salchicha, salsa cheddar casera, bacon crujiente y jalape\u00f1os picantes.<\/p>","protected":false},"excerpt":{"rendered":"<p>Patatas fritas con salchicha, salsa cheddar casera, bacon y jalape\u00f1os.<\/p>","protected":false},"featured_media":887,"template":"","meta":[],"product_brand":[],"product_cat":[30],"product_tag":[],"class_list":{"0":"post-534","1":"product","2":"type-product","3":"status-publish","4":"has-post-thumbnail","6":"product_cat-patatas","8":"first","9":"instock","10":"taxable","11":"shipping-taxable","12":"purchasable","13":"product-type-simple"},"_links":{"self":[{"href":"https:\/\/maloseracarballo.com\/en\/wp-json\/wp\/v2\/product\/534","targetHints":{"allow":["GET"]}}],"collection":[{"href":"https:\/\/maloseracarballo.com\/en\/wp-json\/wp\/v2\/product"}],"about":[{"href":"https:\/\/maloseracarballo.com\/en\/wp-json\/wp\/v2\/types\/product"}],"version-history":[{"count":4,"href":"https:\/\/maloseracarballo.com\/en\/wp-json\/wp\/v2\/product\/534\/revisions"}],"predecessor-version":[{"id":1627,"href":"https:\/\/maloseracarballo.com\/en\/wp-json\/wp\/v2\/product\/534\/revisions\/1627"}],"wp:featuredmedia":[{"embeddable":true,"href":"https:\/\/maloseracarballo.com\/en\/wp-json\/wp\/v2\/media\/887"}],"wp:attachment":[{"href":"https:\/\/maloseracarballo.com\/en\/wp-json\/wp\/v2\/media?parent=534"}],"wp:term":[{"taxonomy":"product_brand","embeddable":true,"href":"https:\/\/maloseracarballo.com\/en\/wp-json\/wp\/v2\/product_brand?post=534"},{"taxonomy":"product_cat","embeddable":true,"href":"https:\/\/maloseracarballo.com\/en\/wp-json\/wp\/v2\/product_cat?post=534"},{"taxonomy":"product_tag","embeddable":true,"href":"https:\/\/maloseracarballo.com\/en\/wp-json\/wp\/v2\/product_tag?post=534"}],"curies":[{"name":"wp","href":"https:\/\/api.w.org\/{rel}","templated":true}]}}