{"id":532,"date":"2025-10-28T18:41:07","date_gmt":"2025-10-28T17:41:07","guid":{"rendered":"https:\/\/maloseracarballo.com\/?post_type=product&#038;p=532"},"modified":"2025-12-06T14:12:26","modified_gmt":"2025-12-06T13:12:26","slug":"patatas-cheddar-y-jalapenos","status":"publish","type":"product","link":"https:\/\/maloseracarballo.com\/en\/product\/patatas-cheddar-y-jalapenos\/","title":{"rendered":"Patatas Cheddar y Jalape\u00f1os"},"content":{"rendered":"<p>Raci\u00f3n de patatas fritas con salsa de cheddar casera y jalape\u00f1os picantes.<\/p>","protected":false},"excerpt":{"rendered":"<p>Patatas fritas con salsa de cheddar casera y jalape\u00f1os.<\/p>","protected":false},"featured_media":885,"template":"","meta":[],"product_brand":[],"product_cat":[30],"product_tag":[],"class_list":{"0":"post-532","1":"product","2":"type-product","3":"status-publish","4":"has-post-thumbnail","6":"product_cat-patatas","8":"first","9":"instock","10":"taxable","11":"shipping-taxable","12":"purchasable","13":"product-type-simple"},"_links":{"self":[{"href":"https:\/\/maloseracarballo.com\/en\/wp-json\/wp\/v2\/product\/532","targetHints":{"allow":["GET"]}}],"collection":[{"href":"https:\/\/maloseracarballo.com\/en\/wp-json\/wp\/v2\/product"}],"about":[{"href":"https:\/\/maloseracarballo.com\/en\/wp-json\/wp\/v2\/types\/product"}],"version-history":[{"count":2,"href":"https:\/\/maloseracarballo.com\/en\/wp-json\/wp\/v2\/product\/532\/revisions"}],"predecessor-version":[{"id":1630,"href":"https:\/\/maloseracarballo.com\/en\/wp-json\/wp\/v2\/product\/532\/revisions\/1630"}],"wp:featuredmedia":[{"embeddable":true,"href":"https:\/\/maloseracarballo.com\/en\/wp-json\/wp\/v2\/media\/885"}],"wp:attachment":[{"href":"https:\/\/maloseracarballo.com\/en\/wp-json\/wp\/v2\/media?parent=532"}],"wp:term":[{"taxonomy":"product_brand","embeddable":true,"href":"https:\/\/maloseracarballo.com\/en\/wp-json\/wp\/v2\/product_brand?post=532"},{"taxonomy":"product_cat","embeddable":true,"href":"https:\/\/maloseracarballo.com\/en\/wp-json\/wp\/v2\/product_cat?post=532"},{"taxonomy":"product_tag","embeddable":true,"href":"https:\/\/maloseracarballo.com\/en\/wp-json\/wp\/v2\/product_tag?post=532"}],"curies":[{"name":"wp","href":"https:\/\/api.w.org\/{rel}","templated":true}]}}