{"id":504,"date":"2025-10-28T17:45:48","date_gmt":"2025-10-28T16:45:48","guid":{"rendered":"https:\/\/maloseracarballo.com\/?post_type=product&#038;p=504"},"modified":"2025-12-30T19:31:25","modified_gmt":"2025-12-30T18:31:25","slug":"hamburguesa-arzua","status":"publish","type":"product","link":"https:\/\/maloseracarballo.com\/en\/product\/hamburguesa-arzua\/","title":{"rendered":"La Arz\u00faa"},"content":{"rendered":"<p>Carne de ternera en pan r\u00fastico con can\u00f3nigos, cebolla caramelizada casera y queso Arz\u00faa.<\/p>","protected":false},"excerpt":{"rendered":"<p>Carne de ternera con queso Arz\u00faa, cebolla caramelizada y can\u00f3nigos.<\/p>","protected":false},"featured_media":726,"template":"","meta":[],"product_brand":[],"product_cat":[22],"product_tag":[],"class_list":{"0":"post-504","1":"product","2":"type-product","3":"status-publish","4":"has-post-thumbnail","6":"product_cat-hamburguesas","8":"first","9":"instock","10":"taxable","11":"shipping-taxable","12":"purchasable","13":"product-type-simple"},"_links":{"self":[{"href":"https:\/\/maloseracarballo.com\/en\/wp-json\/wp\/v2\/product\/504","targetHints":{"allow":["GET"]}}],"collection":[{"href":"https:\/\/maloseracarballo.com\/en\/wp-json\/wp\/v2\/product"}],"about":[{"href":"https:\/\/maloseracarballo.com\/en\/wp-json\/wp\/v2\/types\/product"}],"version-history":[{"count":1,"href":"https:\/\/maloseracarballo.com\/en\/wp-json\/wp\/v2\/product\/504\/revisions"}],"predecessor-version":[{"id":1655,"href":"https:\/\/maloseracarballo.com\/en\/wp-json\/wp\/v2\/product\/504\/revisions\/1655"}],"wp:featuredmedia":[{"embeddable":true,"href":"https:\/\/maloseracarballo.com\/en\/wp-json\/wp\/v2\/media\/726"}],"wp:attachment":[{"href":"https:\/\/maloseracarballo.com\/en\/wp-json\/wp\/v2\/media?parent=504"}],"wp:term":[{"taxonomy":"product_brand","embeddable":true,"href":"https:\/\/maloseracarballo.com\/en\/wp-json\/wp\/v2\/product_brand?post=504"},{"taxonomy":"product_cat","embeddable":true,"href":"https:\/\/maloseracarballo.com\/en\/wp-json\/wp\/v2\/product_cat?post=504"},{"taxonomy":"product_tag","embeddable":true,"href":"https:\/\/maloseracarballo.com\/en\/wp-json\/wp\/v2\/product_tag?post=504"}],"curies":[{"name":"wp","href":"https:\/\/api.w.org\/{rel}","templated":true}]}}