{"id":140,"date":"2024-08-05T20:40:00","date_gmt":"2024-08-05T18:40:00","guid":{"rendered":"https:\/\/maloseracarballo.com\/?page_id=140"},"modified":"2025-10-30T17:10:22","modified_gmt":"2025-10-30T16:10:22","slug":"aviso-legal","status":"publish","type":"page","link":"https:\/\/maloseracarballo.com\/en\/aviso-legal\/","title":{"rendered":"Aviso legal"},"content":{"rendered":"<div data-elementor-type=\"wp-page\" data-elementor-id=\"140\" class=\"elementor elementor-140\" data-elementor-post-type=\"page\">\n\t\t\t\t<div class=\"elementor-element elementor-element-732f36f5 e-flex e-con-boxed e-con e-parent\" data-id=\"732f36f5\" data-element_type=\"container\" data-e-type=\"container\">\n\t\t\t\t\t<div class=\"e-con-inner\">\n\t\t\t\t<div class=\"elementor-element elementor-element-1f3728c4 elementor-widget elementor-widget-text-editor\" data-id=\"1f3728c4\" data-element_type=\"widget\" data-e-type=\"widget\" data-widget_type=\"text-editor.default\">\n\t\t\t\t<div class=\"elementor-widget-container\">\n\t\t\t\t\t\t\t\t\t<h3>AVISO LEGAL<\/h3>\n<p>En cumplimiento con el deber de informaci\u00f3n recogido en art\u00edculo 10 de la Ley 34\/2002, de 11 de julio, de Servicios de la Sociedad de la Informaci\u00f3n y del Comercio Electr\u00f3nico (LSSICE), el propietario de la web , le informa de lo siguiente:<\/p>\n<ul>\n<li>Denominaci\u00f3n social: Alfonsina Mart\u00ednez Silva<\/li>\n<li>NIF: 58021934H<\/li>\n<li>Domicilio: C\/ Gran V\u00eda, 46 Bajo, 15102 &#8211; Carballo (A Coru\u00f1a)<\/li>\n<\/ul>\n<p>Con los l\u00edmites establecidos en la ley, Alfonsina Mart\u00ednez Silva no asume ninguna responsabilidad derivada de la falta de veracidad, integridad, actualizaci\u00f3n y precisi\u00f3n de los datos o informaciones que contienen sus p\u00e1ginas web.<\/p>\n<p>Los contenidos e informaci\u00f3n no vinculan a Alfonsina Mart\u00ednez Silva ni constituyen opiniones, consejos o asesoramiento legal de ning\u00fan tipo pues se trata meramente de un servicio ofrecido con car\u00e1cter informativo y divulgativo.<\/p>\n<p>Las p\u00e1ginas de Internet de Alfonsina Mart\u00ednez Silva pueden contener enlaces (links) a otras p\u00e1ginas de terceras partes que Alfonsina Mart\u00ednez Silva no puede controlar. Por lo tanto, Alfonsina Mart\u00ednez Silva no puede asumir responsabilidades por el contenido que pueda aparecer en p\u00e1ginas de terceros.<\/p>\n<p>Los textos, im\u00e1genes, sonidos, animaciones, software y el resto de contenidos incluidos en este website son propiedad exclusiva de Alfonsina Mart\u00ednez Silva o sus licenciantes. Cualquier acto de transmisi\u00f3n, distribuci\u00f3n, cesi\u00f3n, reproducci\u00f3n, almacenamiento o comunicaci\u00f3n p\u00fablica total o parcial, deber\u00e1 contar con el consentimiento expreso de Alfonsina Mart\u00ednez Silva.<\/p>\n<p>Asimismo, para acceder a algunos de los servicios que Alfonsina Mart\u00ednez Silva ofrece a trav\u00e9s del sitio web, deber\u00e1 proporcionar algunos datos de car\u00e1cter personal. En cumplimiento de lo establecido en el Reglamento (UE) 2016\/679 del Parlamento Europeo y del Consejo, de 27 de abril de 2016, relativo a la protecci\u00f3n de las personas f\u00edsicas en lo que respecta al tratamiento de datos personales y a la libre circulaci\u00f3n de estos datos le informamos que, mediante la cumplimentaci\u00f3n de los presentes formularios, sus datos personales quedar\u00e1n incorporados y ser\u00e1n tratados en los ficheros de Alfonsina Mart\u00ednez Silva con el fin de poderle prestar y ofrecer nuestros servicios as\u00ed como para informarle de las mejoras del sitio Web.<\/p>\n<p>Le informamos tambi\u00e9n de que tendr\u00e1 la posibilidad en todo momento de ejercer los derechos de acceso, rectificaci\u00f3n, cancelaci\u00f3n, oposici\u00f3n, limitaci\u00f3n y portabilidad de sus datos de car\u00e1cter personal, de manera gratuita mediante email a: alfonsinamartinez@hotmail.com o en la direcci\u00f3n: C\/ Gran V\u00eda, 46 Bajo, 15102 &#8211; Carballo (A Coru\u00f1a).<\/p>\n<p>REV: 20.3009<\/p>\t\t\t\t\t\t\t\t<\/div>\n\t\t\t\t<\/div>\n\t\t\t\t\t<\/div>\n\t\t\t\t<\/div>\n\t\t\t\t<\/div>","protected":false},"excerpt":{"rendered":"<p>AVISO LEGAL En cumplimiento con el deber de informaci\u00f3n recogido en art\u00edculo 10 de la Ley 34\/2002, de 11 de julio, de Servicios de la Sociedad de la Informaci\u00f3n y del Comercio Electr\u00f3nico (LSSICE), el propietario de la web , le informa de lo siguiente: Denominaci\u00f3n social: Alfonsina Mart\u00ednez Silva NIF: 58021934H Domicilio: C\/ Gran [&hellip;]<\/p>\n","protected":false},"author":1,"featured_media":0,"parent":0,"menu_order":0,"comment_status":"closed","ping_status":"closed","template":"","meta":{"footnotes":""},"class_list":["post-140","page","type-page","status-publish","hentry"],"_links":{"self":[{"href":"https:\/\/maloseracarballo.com\/en\/wp-json\/wp\/v2\/pages\/140","targetHints":{"allow":["GET"]}}],"collection":[{"href":"https:\/\/maloseracarballo.com\/en\/wp-json\/wp\/v2\/pages"}],"about":[{"href":"https:\/\/maloseracarballo.com\/en\/wp-json\/wp\/v2\/types\/page"}],"author":[{"embeddable":true,"href":"https:\/\/maloseracarballo.com\/en\/wp-json\/wp\/v2\/users\/1"}],"replies":[{"embeddable":true,"href":"https:\/\/maloseracarballo.com\/en\/wp-json\/wp\/v2\/comments?post=140"}],"version-history":[{"count":3,"href":"https:\/\/maloseracarballo.com\/en\/wp-json\/wp\/v2\/pages\/140\/revisions"}],"predecessor-version":[{"id":715,"href":"https:\/\/maloseracarballo.com\/en\/wp-json\/wp\/v2\/pages\/140\/revisions\/715"}],"wp:attachment":[{"href":"https:\/\/maloseracarballo.com\/en\/wp-json\/wp\/v2\/media?parent=140"}],"curies":[{"name":"wp","href":"https:\/\/api.w.org\/{rel}","templated":true}]}}